{"id":1465,"date":"2025-12-16T01:30:18","date_gmt":"2025-12-16T01:30:18","guid":{"rendered":"https:\/\/devsiteomg.com\/brh\/?page_id=1465"},"modified":"2025-12-24T12:48:55","modified_gmt":"2025-12-24T12:48:55","slug":"nondiscrimination-spanish","status":"publish","type":"page","link":"https:\/\/devsiteomg.com\/brh\/nondiscrimination-spanish\/","title":{"rendered":"nondiscrimination spanish"},"content":{"rendered":"<div class=\"et_pb_section_0 et_pb_section et_section_regular et_block_section\">\n<div class=\"et_pb_row_0 et_pb_row et_pb_gutters3 et_block_row\">\n<div class=\"et_pb_column_0 et_pb_column et_pb_column_4_4 et-last-child et_block_column et_pb_css_mix_blend_mode_passthrough\">\n<div class=\"et_pb_text_0 et_pb_text et_pb_bg_layout_light et_pb_module et_block_module\"><div class=\"et_pb_text_inner\"><h1 class=\"heading-line\">NONDISCRIMINATION AND ACCESSIBILITY REQUIREMENTS: ESPA\u00d1OL<\/h1>\n<p>\u00a0<\/p>\n<p>La discriminaci\u00f3n es contra la ley.<\/p>\n<p>Black River Health cumple con las leyes federales de derechos civiles aplicables y no discrimina, excluye ni trata a las personas de manera diferente.<\/p>\n<ul>\n<li style=\"list-style-type: none;\">\n<ul>\n<li>porque el individuo no puede pagar<\/li>\n<li>porque el pago de esos servicios se realizar\u00eda seg\u00fan Medicare, Medicaid o el Programa de seguro m\u00e9dico para ni\u00f1os (CHIP).<\/li>\n<li>basado en la raza, color, sexo, origen nacional, discapacidad, religi\u00f3n, edad, orientaci\u00f3n sexual o identidad de g\u00e9nero del individuo.<\/li>\n<\/ul>\n<\/li>\n<\/ul>\n<p>Black River Health ofrece:<\/p>\n<ul>\n<li style=\"list-style-type: none;\">\n<ul>\n<li>Ayudas y servicios gratuitos para que personas con discapacidad se comuniquen efectivamente con nosotros, tales como:<\/li>\n<li>Int\u00e9rpretes cualificados de lengua de signos.<\/li>\n<li>Informaci\u00f3n escrita en otros formatos (letra grande, audio, formatos electr\u00f3nicos accesibles y otros formatos).<\/li>\n<li>Servicios de idiomas gratuitos para personas cuyo idioma principal no es el ingl\u00e9s, como por ejemplo:<\/li>\n<li>Int\u00e9rpretes calificados; y<\/li>\n<li>Informaci\u00f3n escrita en otros idiomas.<\/li>\n<\/ul>\n<\/li>\n<\/ul>\n<p>Si necesita estos servicios, comun\u00edquese con Black River Health al 715-284-5361 y solicite servicios de int\u00e9rprete.<\/p>\n<p>Si cree que Black River Health no ha proporcionado estos servicios o ha discriminado de otra manera por motivos de raza, color, origen nacional, edad, discapacidad, sexo (incluido el embarazo, orientaci\u00f3n sexual e identidad de g\u00e9nero), religi\u00f3n o Al presentar una queja anterior sobre derechos civiles, puede presentar una queja ante:<\/p>\n<p style=\"padding-left: 40px;\"><strong>Compliance<\/strong><br \/>711 West Adams Street,<br \/>Black River Falls, WI 54615<br \/>Tel\u00e9fono: (715) 284-5361<br \/>Fax: (715) 284-3691<\/p>\n<p>Puede presentar una queja en persona o por correo, fax o correo electr\u00f3nico. Si necesita ayuda para presentar una queja, comun\u00edquese con Holly Winn utilizando la informaci\u00f3n de contacto anterior.<\/p>\n<p>Tambi\u00e9n puede presentar una queja de derechos civiles ante la Oficina de Derechos Civiles del Departamento de Salud y Servicios Humanos de EE. UU. electr\u00f3nicamente a trav\u00e9s del Portal de Quejas de la Oficina de Derechos Civiles, disponible en<span>\u00a0<\/span><a href=\"https:\/\/ocrportal.hhs.gov\/ocr\/portal\/lobby.jsf\" target=\"_blank\" rel=\"noopener\">https:\/\/ocrportal.hhs.gov\/ocr\/portal\/lobby.jsf<\/a>, o por correo o tel\u00e9fono en:<\/p>\n<p style=\"padding-left: 40px;\">U.S. Department of Health and Human Services<br \/>200 Independence Avenue SW<br \/>Room 509F, HHH Building<br \/>Washington, DC 20201<br \/>1-800-868-1019, 800-537-7697 (TDD)<\/p>\n<\/div><\/div>\n<\/div>\n<\/div>\n<\/div>","protected":false},"excerpt":{"rendered":"","protected":false},"author":1,"featured_media":0,"parent":0,"menu_order":0,"comment_status":"closed","ping_status":"closed","template":"","meta":{"_acf_changed":false,"footnotes":""},"class_list":["post-1465","page","type-page","status-publish","hentry"],"acf":[],"_links":{"self":[{"href":"https:\/\/devsiteomg.com\/brh\/wp-json\/wp\/v2\/pages\/1465","targetHints":{"allow":["GET"]}}],"collection":[{"href":"https:\/\/devsiteomg.com\/brh\/wp-json\/wp\/v2\/pages"}],"about":[{"href":"https:\/\/devsiteomg.com\/brh\/wp-json\/wp\/v2\/types\/page"}],"author":[{"embeddable":true,"href":"https:\/\/devsiteomg.com\/brh\/wp-json\/wp\/v2\/users\/1"}],"replies":[{"embeddable":true,"href":"https:\/\/devsiteomg.com\/brh\/wp-json\/wp\/v2\/comments?post=1465"}],"version-history":[{"count":5,"href":"https:\/\/devsiteomg.com\/brh\/wp-json\/wp\/v2\/pages\/1465\/revisions"}],"predecessor-version":[{"id":2009,"href":"https:\/\/devsiteomg.com\/brh\/wp-json\/wp\/v2\/pages\/1465\/revisions\/2009"}],"wp:attachment":[{"href":"https:\/\/devsiteomg.com\/brh\/wp-json\/wp\/v2\/media?parent=1465"}],"curies":[{"name":"wp","href":"https:\/\/api.w.org\/{rel}","templated":true}]}}