{"id":1497,"date":"2025-12-16T14:24:44","date_gmt":"2025-12-16T14:24:44","guid":{"rendered":"https:\/\/devsiteomg.com\/brh\/?page_id=1497"},"modified":"2025-12-16T14:25:26","modified_gmt":"2025-12-16T14:25:26","slug":"nondiscrimination-albanian","status":"publish","type":"page","link":"https:\/\/devsiteomg.com\/brh\/nondiscrimination-albanian\/","title":{"rendered":"nondiscrimination albanian"},"content":{"rendered":"<div class=\"et_pb_section_0 et_pb_section et_section_regular et_block_section\">\n<div class=\"et_pb_row_0 et_pb_row et_pb_gutters3 et_block_row\">\n<div class=\"et_pb_column_0 et_pb_column et_pb_column_4_4 et-last-child et_block_column et_pb_css_mix_blend_mode_passthrough\">\n<div class=\"et_pb_text_0 et_pb_text et_pb_bg_layout_light et_pb_module et_flex_module\"><div class=\"et_pb_text_inner\"><p><span>KUJDES: N\u00ebse flitni shqip, p\u00ebr ju ka n\u00eb dispozicion sh\u00ebrbime t\u00eb asistenc\u00ebs gjuh\u00ebsore, pa pages\u00eb. Telefononi n\u00eb (715) 284-5361.<\/span><\/p>\n<\/div><\/div>\n<\/div>\n<\/div>\n<\/div>","protected":false},"excerpt":{"rendered":"","protected":false},"author":1,"featured_media":0,"parent":0,"menu_order":0,"comment_status":"closed","ping_status":"closed","template":"","meta":{"_acf_changed":false,"footnotes":""},"class_list":["post-1497","page","type-page","status-publish","hentry"],"acf":[],"_links":{"self":[{"href":"https:\/\/devsiteomg.com\/brh\/wp-json\/wp\/v2\/pages\/1497","targetHints":{"allow":["GET"]}}],"collection":[{"href":"https:\/\/devsiteomg.com\/brh\/wp-json\/wp\/v2\/pages"}],"about":[{"href":"https:\/\/devsiteomg.com\/brh\/wp-json\/wp\/v2\/types\/page"}],"author":[{"embeddable":true,"href":"https:\/\/devsiteomg.com\/brh\/wp-json\/wp\/v2\/users\/1"}],"replies":[{"embeddable":true,"href":"https:\/\/devsiteomg.com\/brh\/wp-json\/wp\/v2\/comments?post=1497"}],"version-history":[{"count":3,"href":"https:\/\/devsiteomg.com\/brh\/wp-json\/wp\/v2\/pages\/1497\/revisions"}],"predecessor-version":[{"id":1500,"href":"https:\/\/devsiteomg.com\/brh\/wp-json\/wp\/v2\/pages\/1497\/revisions\/1500"}],"wp:attachment":[{"href":"https:\/\/devsiteomg.com\/brh\/wp-json\/wp\/v2\/media?parent=1497"}],"curies":[{"name":"wp","href":"https:\/\/api.w.org\/{rel}","templated":true}]}}